{"id":110,"date":"2016-12-28T14:18:50","date_gmt":"2016-12-28T13:18:50","guid":{"rendered":"http:\/\/www.lauda-koenigshofen.com\/wordpress\/?page_id=110"},"modified":"2025-12-11T10:27:51","modified_gmt":"2025-12-11T09:27:51","slug":"history","status":"publish","type":"page","link":"https:\/\/www.lauda-koenigshofen.com\/wordpress\/impressum\/history\/","title":{"rendered":"History"},"content":{"rendered":"<p><strong>Wann<br \/>Was ge\u00e4ndert<\/strong><\/p>\n<p>11.12.2025<br \/>Weewx von 4.10.2 auf 5.2 upgedatet; Webcam auf raspi-still und convert umgezogen<br \/><br \/>02.11.2023<br \/>Wetterstation auf Davis Vantage Vue und Auswertesoftware auf WeeWX umgestellt<\/p>\n<p>14.07.2023<br \/>Webcam auf Raspberry PI 3 mit 5MP 1080P Video Kamera Modul umgestellt<\/p>\n<p>23.05.2018<br \/>Impressum \/ Datenschutz an die DSGVO angepasst<\/p>\n<p>07.10.2017<br \/>Neuen Temperaturf\u00fchler au\u00dfen angeschlossen und Webseite angepasst<\/p>\n<p>28.12.2016<br \/>Umbau der Webseiten zu WordPress und L\u00f6schung von allem was nichts mit Wetter zu tun hat<\/p>\n<p>17.03.2016<br \/>K\u00fcndigung des Sponsorings durch bitbone.de und Umzug der Webseiten zu 1blu<\/p>\n<p>02.04.2012<br \/>L\u00f6schung der meisten Inhalte und Umbau der Seite<\/p>\n<p>08.02.2012<br \/>Ank\u00fcndigung, dass die meisten Inhalte der Seite gel\u00f6scht werden und die Seite zu einer Wetter- und Geschichtsseite umgebaut wird.<\/p>\n<p>21.08.2010<br \/>Obwohl die Seite jetzt seit \u00fcber einem Jahr ein Wiki ist, finde ich keine Mitstreiter, die Willens und in der Lage sind die Seite mit mir zusammen zu pflegen. Da aber meine Zeit durch meinen Pflegefall zu Hause immer knapper wird, habe ich heute schweren Herzens den arbeitsintensivsten Teil, den Veranstaltungskalender, wieder von der Internetseite entfernt.<\/p>\n<p>03.01.2010<br \/>Update auf Dokuwiki Version 2009-12-25<\/p>\n<p>30.11.2009<br \/>Kalender auf GCalendar umgestellt<\/p>\n<p>15.10.2009<br \/>\u00dcbersetzungstool von Google der Inernetpr\u00e4sentation hinzugef\u00fcgt<\/p>\n<p>20.08.2009<br \/>In mehreren Tagen Arbeit die komplette Seite zu einem Wiki mit dem System DokuWiki umgebaut, um es mehreren Leuten zu erm\u00f6glichen an der Seite weiter zu arbeiten. Dabei Telefontarife entfernt und Veranstaltungskalender wieder eingef\u00fchrt.<\/p>\n<p>30.06.2009<br \/>Webcam erneuert und durch eine Vivotek IP7139 ersetzt.<\/p>\n<p>17.03.2009<br \/>Link zum Niederschlagsradar und Blitzinformationsdienst hinzugef\u00fcgt.<\/p>\n<p>11.12.2008<br \/>Wiederaufname meiner Seite in die Qualit\u00e4tssuchmaschine erfolgreich-suchen.de als eine der besten deutschen Web-Seiten<\/p>\n<p>08.10.2008<br \/>Link zu 100-j\u00e4hrigem Kalender und Skript mit Sonnen- und Mond- Auf- und Untergangszeiten hinzugef\u00fcgt.<\/p>\n<p>04.09.2008<br \/>Nach einem Hackerangriff vor 3 Tagen die komplette Seite wieder auf reines HTML umgestellt. Gleichzeitig habe ich ein Newsletterscript und einen neuen Formmailer eingebaut und das G\u00e4stebuch upgedatet.<\/p>\n<p>27.04.2008<br \/>Neue Wetterstation, Oregon Scientific WMR928NX, in Internetseite eingebunden und Graphen durch selbst gebautes Eisfair-Paket integriert.<\/p>\n<p>27.03.2008<br \/>Temperatur-Dauergrafik aktualisiert<\/p>\n<p>16.03.2008<br \/>Das Gastst\u00e4tten- und Unterkunftsverzeichnis \u201eEssen&amp;Schlafen\u201c komplett \u00fcberarbeitet, aktualisiert und nach Ortsteilen sortiert wieder eingebaut.<\/p>\n<p>07.12.2007<br \/>Wiederaufname meiner Seite in die Qualit\u00e4tssuchmaschine erfolgreich-suchen.de als eine der besten deutschen Web-Seiten<\/p>\n<p>19.10.2007<br \/>Temperatur Dauergrafik hinzugef\u00fcgt<\/p>\n<p>17.08.2007<br \/>Update auf Artmedic-CMS 3.5<\/p>\n<p>05.06.2007<br \/>Temperaturanzeige in Grafik umgewandelt, dasmit es mit jedem Browser funktioniert.<\/p>\n<p>05.05.2007<br \/>Statistikseite erweitert auf Komplettstatistik seit 08\/2001, als Bitbone das Sponsoring \u00fcbernommen hat und die Seite bei einem professionellen Provider liegt.<\/p>\n<p>31.12.2006<br \/>Abfallkalender und Veranstaltungskalender 2007 eingebaut<\/p>\n<p>21.10.2006<br \/>Aufgrund massiven SPAM-Aufkommens auf ein neues G\u00e4stebuch umgestellt<\/p>\n<p>15.10.2006<br \/>Mentoren-Mailingliste angelegt<\/p>\n<p>28.08.2006<br \/>Auf Artmedic-CMS Version 3.31 upgedatet<\/p>\n<p>30.07.2006<br \/>Kategorie Ehrenamt &amp; Vereine inkl Download-Datei (PDF) angelegt<\/p>\n<p>20.04.2006<br \/>Die gesamte Seite umgestellt auf Content Management System von Artmedic<\/p>\n<p>02.02.2006<br \/>Winterbilder aus K\u00f6nigshofen hinzugef\u00fcgt<\/p>\n<p>11.01.2006<br \/>Bilder von der Aufstellung des Narrenbaums hinzugef\u00fcgt<\/p>\n<p>15.01.2006<br \/>Bilder Inthronisierung des Prinzenpaar der NG-Lauda hinzugef\u00fcgt<\/p>\n<p>12.11.2005<br \/>Bildergallerie auf Gallery Version 1.5.1 upgedatet.<\/p>\n<p>09.12.2005<br \/>Kalender 2006 eingef\u00fcgt<\/p>\n<p>31.10.2005<br \/>Hardware des Webtermometers erneuert, um noch genauer messen zu k\u00f6nnen und bessere Auswertegrafiken zu haben. Deswegen auch alle Wetter-Seiten erneuert.<\/p>\n<p>22.10.2005<br \/>Neues G\u00e4stebuch eingebaut um der immensen Anzahl an SPAM-Eintr\u00e4gen entgegen zu wirken.<\/p>\n<p>13.08.2005<br \/>Bilder Weltjugendtag Lauda hinzugef\u00fcgt<\/p>\n<p>28.07.2005<br \/>Kinderferienprogramm 2005 hinzugef\u00fcgt<\/p>\n<p>08.07.2005<br \/>Bilder City-Lauf und Night-Scating in Lauda hinzugef\u00fcgt<\/p>\n<p>28.12.2004<br \/>Abfallkalender 1. Halbjahr 2005 eingebaut<\/p>\n<p>27.12.2004<br \/>1. Quartal 2005 Veranstaltungskalender und den kompletten Veranstaltungskalnder des Jahres 2005 der Pfarrgemeinde St. Jakobus eingebaut<\/p>\n<p>01.08.2004<br \/>Neue Seiten Webthermometer eingabaut und Temperaturaufzeichnung gestartet<\/p>\n<p>25.07.2004<br \/>Kinderferienprogramm 2004 eingebaut.<\/p>\n<p>24.02.2004<br \/>Gold-Award von Sandra und Bernd gewonnen.<\/p>\n<p>21.02.2004<br \/>Neue Link-Seite \u00fcber private Stadtseiten in Lauda-K\u00f6nigshofen<\/p>\n<p>17.02.2004<br \/>Die B\u00fcrgerinitiative Umweltschutz ist als neuer Partner mit Seiten vertreten.<\/p>\n<p>16.02.2004<br \/>Seiten der B\u00fcrgermeisterkandidaten zur Wahl 2004 ver\u00f6ffentlicht<\/p>\n<p>08.02.2004<br \/>Alle Seiten mit validator.w3.org \u00fcberpr\u00fcft und korregiert<\/p>\n<p>01.02.2004<br \/>Ins Verzeichnis www.linkperlen.de aufgenommen worden<\/p>\n<p>29.01.2004<br \/>Von www.awardseite.de einen \u201eGold-Award\u201c gewonnen.<\/p>\n<p>21.01.2004<br \/>Von www.goldenwebawards.com einen \u201eGolden Web Award\u201c gewonnen.<\/p>\n<p>18.01.2004<br \/>Bild \u201eAufstellung Narrenbaum\u201c in Lauda hinzugef\u00fcgt<\/p>\n<p>14.01.2004<br \/>Bilder von Weinlese in Gerlachsheim und Stadtmauer in K\u00f6nigshofen hinzugef\u00fcgt<\/p>\n<p>11.01.2004<br \/>Bild Inthronisierung des Prinzenpaares der Karnevalsgesellschaft K\u00f6nigshofen hinzugef\u00fcgt<\/p>\n<p>10.01.2004<br \/>Bild Inthronisierung des Prinzenpaares der Narrengesellschaft Lauda hinzugef\u00fcgt<\/p>\n<p>04.01.2004<br \/>Newsletter-Anmelde-\/Abmeldeseite hinzugef\u00fcgt<\/p>\n<p>30.12.2003<br \/>Es ist endlich so weit: Nach einigen Wochen Arbeit ist diese Seite im neuem Design. Danke an Tanja Keller von der Firma www.xpressions.de, die mir beim grunds\u00e4tzlichen Design (kostenfrei!) sehr geholfen hat. Mit diesem neuen Erscheinungsbild wurden alle Seiten \u00fcberarbeitet und aktualisiert.<\/p>\n<p>19.12.2003<br \/>G\u00e4stebuch erneuert<\/p>\n<p>07.08.2003<br \/>Die neue WebCam (eine Logitech QuickCam Pro 4000) ist online und liefert wesentlich detailgetreuere Bilder als die alte.<\/p>\n<p>08.04.2003<br \/>Solar-Award von Christian Solar gewonnen<\/p>\n<p>23.03.2003<br \/>Ins Linkverzeichnis Der Archivar aufgenommen worden<\/p>\n<p>21.02.2003<br \/>Kolumne entfernt (Beitr\u00e4ge findet man ab jetzt im Diskussionsforum)<\/p>\n<p>26.01.2003<br \/>Freizeittip-Preis von Tanja Meyer gewonnen<\/p>\n<p>11.01.2003<br \/>Bilder der Inthronisierung des Prinzenpaars in K\u00f6nigshofen hinzugef\u00fcgt<\/p>\n<p>18.01.2003<br \/>Veranstaltungskalender 2003 komplett online<\/p>\n<p>17.01.2003<br \/>Webcam reorganisiert und Update-Interval auf 30 Sekunden gesetzt<\/p>\n<p>11.01.2003<br \/>Bilder der Inthronisierung des Prinzenpaars in Lauda hinzugef\u00fcgt<\/p>\n<p>06.01.2003<br \/>Linkseite neu strukturiert<\/p>\n<p>24.12.2002<br \/>Abfallkalender 2003 hinzugef\u00fcgt<\/p>\n<p>08.12.2002<br \/>Panoramabild Weihnachtsmarkt 2002 Lauda hinzugef\u00fcgt<\/p>\n<p>24.11.2002<br \/>Adventskalender eingerichtet<\/p>\n<p>10.11.2002<br \/>Von www.bad-bad.de v\u00f6llig \u00fcberraschend einen Baden-Baden Classic Award verliehen bekommen! Siehe Award-Seite<\/p>\n<p>03.11.2002<br \/>Impressum inkl. rechtliches \u00fcberarbeitet<\/p>\n<p>29.10.2002<br \/>Z\u00e4hler eingerichtet, der zeigt wieviele Benutzer gerade auf der Seite sind.<\/p>\n<p>15.10.2002<br \/>Neues Diskussionsforum (YAbb) eingerichtet.<\/p>\n<p>08.10.2002<br \/>Von Sandra und Bernd einen Award verliehen bekommen. Siehe auch unter Awards<\/p>\n<p>15.09.2002<br \/>Bilder Messelauf 2002 hinzugef\u00fcgt.<\/p>\n<p>01.09.2002<br \/>Bilder der 750-Jahr-Feier Deubach hinzugef\u00fcgt<\/p>\n<p>24.08.2002<br \/>Von Dieter Hammerl einen Award verliehen bekommen. Siehe auch unter Awards<\/p>\n<p>20.08.2002<br \/>Grafikseiten vollst\u00e4ndig \u00fcberarbeitet und neue Bilder hinzugef\u00fcgt.<\/p>\n<p>06.08.2002<br \/>Webcam hinzugef\u00fcgt<\/p>\n<p>28.07.2002<br \/>Ferienprogramm 2002 hinzugef\u00fcgt<\/p>\n<p>28.06.2002<br \/>Den eigenen Stadtplan habe ich durch einen Link auf das Stadtplan-Netz ersetzt.<\/p>\n<p>23.06.2002<br \/>Webcards eingebaut, Bilder vom Weintor Gerlachheim, von Tauber und Radweg Unterbalbach und vom Taubertor in K\u00f6nigshofen hinzugef\u00fcgt<\/p>\n<p>08.06.2002<br \/>Von Oliver Kuhlemann, Cool Engineering, N\u00fcrnberg einen goldenen Award verliehen bekommen. Siehe auch unter Awards<\/p>\n<p>07.06.2002<br \/>Busfahrplan zum Weinfest in Lauda eingef\u00fcgt.<\/p>\n<p>10.04.2002<br \/>Von Martin Zeuschner &#8211; www.zeuschner-artwork.de einen bronzenen Award verliehen bekommen. Siehe auch unter Awards<\/p>\n<p>01.04.2002<br \/>Linkseite v\u00f6llig \u00fcberarbeitet und neu aufgebaut, Links dabei nach Themen sortiert<\/p>\n<p>23.03.2002<br \/>Seiten-Statistik \u00f6ffentlich gemacht<\/p>\n<p>17.03.2002<br \/>Von Thomas Scheid &#8211; www.pretzien.de den Pretziener St\u00e4dte Award verliehen bekommen. Siehe auch unter Awards<\/p>\n<p>03.03.2002<br \/>Von Harald Traussnig &#8211; www.cyperspace.at einen goldenen Award verliehen bekommen. Siehe auch unter Awards<\/p>\n<p>16.02.2002<br \/>Wetterseite \u00fcberarbeitet und Wettervorhersage von wetter.de und wetter.com hinzugef\u00fcgt.<\/p>\n<p>08.02.2002<br \/>Jugendgemeinderatsseiten eingestellt, da z.Z. kein JGR existiert.<\/p>\n<p>04.02.2002<br \/>Routenplaner auf Hauptseite hinzugef\u00fcgt<\/p>\n<p>31.01.2002<br \/>Zwei neue Winterbilder hinzugef\u00fcgt<\/p>\n<p>23.01.2002<br \/>Empfehlungsscript und Bewertungsscript hinzugef\u00fcgt<\/p>\n<p>07.01.2002<br \/>Veranstaltungskalender 2002<\/p>\n<p>05.01.2002<br \/>Abfallkalender 2002 hinzugef\u00fcgt<\/p>\n<p>04.01.2002<br \/>Verleihung des 2001-2002 Golden Web Awards<\/p>\n<p>01.01.2002<br \/>Unterkunfts- und Gastst\u00e4ttenverzeichnis vollkommen neu angelegt<\/p>\n<p>15.12.2001<br \/>Ich war die letzten Wochen nicht unt\u00e4tig und habe \u201enur\u201c alle Seiten aktuell gehalten. \ud83d\ude42<\/p>\n<p>10.10.2001<br \/>Seite der 72-Stunden-Aktion unter dem Punkt Ehrenamt hinzugef\u00fcgt<\/p>\n<p>08.09.2001<br \/>Seiten der kath. Pfarrgemeinde St. Jakobus, Lauda hinzugef\u00fcgt<\/p>\n<p>23.07.2001<br \/>Kinderferienprogramm incl. Anmeldeformular ver\u00f6ffentlicht<\/p>\n<p>15.07.2001<br \/>Kostenlosen Kleinanzeigenmarkt hinzugef\u00fcgt<\/p>\n<p>08.07.2001<br \/>Neues Design ohne Frames ver\u00f6ffentlicht<\/p>\n<p>24.06.2001<br \/>Linkseite des Jugendgemeinderats mit Leben gef\u00fcllt<\/p>\n<p>10.06.2001<br \/>Bilder vom Weinfest 2001 und dem B\u00fcttenlauf hinzugef\u00fcgt.<\/p>\n<p>05.06.2001<br \/>Diese Seite ist ab sofort auch die offizielle Internetseite des Jugendgemeinderats Lauda-K\u00f6nigshofen und ist auch direkt unter der URL: www.lauda-koenigshofen.com\/jgr\/ erreichbar.<\/p>\n<p>04.06.2001<br \/>Bilder hinzugef\u00fcgt: Gerlachsheim, Kaiserdenkmal; K\u00f6nigshofen, renovierter Wartturm<\/p>\n<p>11.05.2001<br \/>Seit heute ist die Seite um eine lokale Suchmaschine reicher. Mit ihr kann man nach Stichpunkten suchen und es werden alles Seiten mit dem entsprechenden Suchbegriff angezeigt.<\/p>\n<p>05.05.2001<br \/>Bilder der Maib\u00e4ume Marbach, K\u00f6nigshofen, Beckstein und Heckfeld hinzugef\u00fcgt bzw. erneuert. Bilder der Kirche Marbach, der Kirche Beckstein, der B\u00e4ckerei Weber Lauda und der Antoniuskapelle K\u00f6nigshofen hinzugef\u00fcgt.<\/p>\n<p>01.05.2001<br \/>Sitemap so angepasst, dass die Seite auch mit Netscape und Opera fehlerfrei dargestellt wird<\/p>\n<p>29.04.2001<br \/>Termine und Links \u00fcberpr\u00fcft und aktualisiert. Es gibt 2 neue Seiten: Eine Sitemap die den Aufbau dieser Internetseiten darstellt und ein Tagebuch \/ Kolumne, in dem ich ab 24.04.2001 immer wieder zu aktuelle Dingen Stellung nehme.<\/p>\n<p>24.03.2001<br \/>Link-Seite \u00fcberpr\u00fcft und aktualisiert. Seiten \u00fcber B\u00fcrgerliches Engagement und Ehrenamt erweitert<\/p>\n<p>18.03.2001<br \/>Alle Seiten neu strukturiert. Bilder vom Fasnachtsumzug 2001 hinzugef\u00fcgt<\/p>\n<p>07.03.2001<br \/>Seiten \u00fcber B\u00fcrger-Engagement und Ehrenamt hinzugef\u00fcgt<\/p>\n<p>02.03.2001<br \/>Stadtpl\u00e4ne umgewandelt. Vereinsseite \u00fcberpr\u00fcft und aktualisiert. Bild von Herrn K\u00f6nig, Marbach, hinzugef\u00fcgt. Links und eMails aktualisiert.<\/p>\n<p>17.02.2001<br \/>Stadtpl\u00e4ne hinzugef\u00fcgt. Veranstaltungskalender aktualisiert. Linkseite \u00fcberpr\u00fcft und aktualisiert.<\/p>\n<p>04.02.2001<br \/>Das Forum ist jetzt auch echter Bestandteil von www.lauda-koenigshofen.com. Winterbilder \u00fcber Lauda, K\u00f6nigshofen und Gerlachsheim hinzugef\u00fcgt, Vorbereitungen f\u00fcr Stadtpl\u00e4ne getroffen<\/p>\n<p>03.02.2001<br \/>Links auf Linkseite auf Aktualit\u00e4t \u00fcberpr\u00fcft und aktualisiert.<\/p>\n<p>28.01.2001<br \/>Das G\u00e4stebuch ist jetzt echter Bestandteil dieser Seiten und durch ein eigenes CGI-Script realisiert.<\/p>\n<p>07.01.2001<br \/>Die Seiten sind jetzt &#8211; \u201ebitbone\u201c sei Dank &#8211; alle unter der Domain www.lauda-koenigshofen.com erreichbar!<\/p>\n<p>07.01.2001<br \/>Veranstaltungskalender f\u00fcr das Jahr 2001 erweitert. Rathauswegweiser mit aufgenommen.<\/p>\n<p>29.12.2000<br \/>Veranstaltungskalender f\u00fcr das Jahr 2001 upgedatet.<\/p>\n<p>10.12.2000<br \/>Bilder vom Weihnachtsmarkt in K\u00f6nigshofen hinzugef\u00fcgt<\/p>\n<p>29.11.2000<br \/>Optik der gesamten Seiten angepasst. Link auf Boissy Saint Leger, demn\u00e4chst Partnerstadt von Lauda-K\u00f6nigshofen, eingebaut<\/p>\n<p>24.11.2000<br \/>Sponsor eingetragen<\/p>\n<p>11.11.2000<br \/>Fehler bei Faschingsbildern und in der Stadtteilseite Oberlauda beseitigt, Vereinsseite um Links erweitert und Veranstaltungskalender erweitert<\/p>\n<p>05.11.2000<br \/>Link-Seite v\u00f6llig \u00fcberarbeitet, Links \u00fcberpr\u00fcft und aktualisiert, Seite mit Wettervorhersage mit neuem Partner neu gestaltet<\/p>\n<p>23.10.2000<br \/>Diskussionsforum zur Online-Diskussion rund um Lauda-K\u00f6nigshofen eingebunden<\/p>\n<p>19.10.2000<br \/>Mittlerweile gibt es fast t\u00e4glich updates, sich st\u00e4ndig am eMail-Verzeichnis und im Veranstaltungskalender Dinge \u00e4ndern und neu hinzukommen. Finde ich \u00fcbrigens gut, dass endlich ein bisschen mehr Bewegung in diese Seite kommt.<\/p>\n<p>08.10.2000<br \/>Nach einer Mail-Aktion am 06.10., in dem ich Lauda-K\u00f6nigsh\u00f6fer-B\u00fcrger wegen Aufnahme ins eMail-Buch angeschrieben habe bin ich mehr als positiv von der Resonanz \u00fcberrascht. Alleine 10 Neueintr\u00e4ge in 2 Tagen\u2026 Wie immer hae ich gleich den Veranstaltungskalender, das Gastst\u00e4ttenverzeichnis und das Vereinsregister mit angepasst.<\/p>\n<p>23.09.2000<br \/>Optik durch zweifarbig Buttons in der Navigationsleiste verbessert. Karten auf Bildseite verschoben<\/p>\n<p>03.09.2000<br \/>Veranstaltungskalender und Linkseite upgedatet. Sonderseite \u00fcber K\u00f6nigsh\u00f6fer Messe hinzugef\u00fcgt. eMail-Verzeichnis angelegt.<\/p>\n<p>29.08.2000<br \/>Bilder vom Dampflokfest, der Laudaer Kinderg\u00e4rten und der Scaterbahn im Schulzentrum hinzugef\u00fcgt<\/p>\n<p>25.08.2000<br \/>Linkseite und Veranstaltungskalender upgedatet<\/p>\n<p>07.08.2000<br \/>S\u00e4mtliche Scripte von allen Seiten entfernt. Bilder vom 2. Schulhaus, der Jakobus-Kirche, dem Weinfest und dem Oberlaudaer Stra\u00dfenfest hinzugef\u00fcgt.<\/p>\n<p>27.07.2000<br \/>Kinderferienprogramm in Veranstaltungskalender aufgenommen<\/p>\n<p>12.07.2000<br \/>Link-Seite aktualisiert, Veranstaltungskalender aktualisiert<\/p>\n<p>02.07.2000<br \/>Seiten mit HTML Tidy getestet und HTML-Fehler beseitigt. Veranstaltungskalender und Linkseite upgedatet.<\/p>\n<p>22.06.2000<br \/>Linkseite erweitert, Veranstaltungskalender upgedatet<\/p>\n<p>17.06.2000<br \/>Alle Seiten blindenfreundlicher umgestaltet<\/p>\n<p>12.06.2000<br \/>Neue Bilder (Maib\u00e4ume, Hohes Haus und Marienkirche). Auf allen Bildseiten neue Beschriftungen. Angebot einer kostenlosen Seite f\u00fcr Vereine, Organisationen und Vereine. Feedback-Seite durch ein G\u00e4stebuch ersetzt.<\/p>\n<p>01.06.2000<br \/>Update Telefontarif-Seite<\/p>\n<p>28.05.2000<br \/>Veranstalungskalender aktualisiert. Linkseite aktualisiert. Vereinsseite (Organisationen) aktualisiert<\/p>\n<p>07.05.2000<br \/>Linkseite aufger\u00e4umt und aktualisiert<\/p>\n<p>22.04.2000<br \/>Neue Bilder von Lauda, K\u00f6nigshofen und den restlichen Stadtteilen hinzugef\u00fcgt.<\/p>\n<p>21.04.2000<br \/>Neue Domain www.lauda-koenigshofen.com. Quellenangaben auf Seiten hinzugef\u00fcgt.<\/p>\n<p>19.04.2000<br \/>Veranstaltungskalender upgedatet.<\/p>\n<p>12.04.2000<br \/>Geschichtsseiten erweitert.<\/p>\n<p>01.04.2000<br \/>Diese Seiten haben endliche eine eigene Domain und sind ab sofort auch unter www.lauda-koenigshofen.de.vu und unter www.stefan.heidrich.de.vu erreichbar. Seite mit Wettervorhersage f\u00fcr die Region hinzugef\u00fcgt.<\/p>\n<p>30.03.2000<br \/>Bilder auf Gr\u00f6\u00dfe optimiert und damit diese Internet-Seiten um 4 MByte verkleinert. Dazu (leider) auch wieder GIFs eingef\u00fchrt.<\/p>\n<p>29.03.2000<br \/>Neue Seiten \u00fcber die Stadtteile von Lauda-K\u00f6nigshofen und neue Seite \u00fcber Radweg Taubertal hinzugef\u00fcgt. Bilderseiten neu aufgebaut und neue Bilder hinzugef\u00fcgt. Veranstaltungskalender und Unterkunftsverzeichnis aktualisiert.<\/p>\n<p>13.03.2000<br \/>Hauptseite von den Neuigkeiten getrennt, Veranstaltungskalender upgedatet<\/p>\n<p>08.03.2000<br \/>Unterkunftsverzeichnis upgedatete, Java-Script soweit wie m\u00f6glich entfernt, Fehler bereinigt<\/p>\n<p>04.03.2000<br \/>Verbesserungsvorschl\u00e4ge der besten Computerzeitschrift \u00fcberhaupt &#8211; der c&#8217;t, Heise Verlag, Hannover &#8211; angenommen. Vergleiche auch c&#8217;t 05\/2000 Seite 246 ff.<\/p>\n<p>29.02.2000<br \/>Link-Seite aktualisiert<\/p>\n<p>27.02.2000<br \/>Telefontarife hinzugef\u00fcgt, Veranstaltungskalender upgedatet, Seiten reorganisiert<\/p>\n<p>05.02.2000<br \/>Veranstaltungskalender und Unterkunftsverzeichnis upgedatet<\/p>\n<p>01.02.2000<br \/>History vervollst\u00e4ndigt. Grafiken erneuert. Auf Link-Seite Suchmaschinen hinzugef\u00fcgt.<\/p>\n<p>31.01.2000<br \/>Private Seiten von Homepage getrennt. Lauda-K\u00f6nigshofen-Seiten um Impressum-Seite erweitert und neue EMail-Adresse eingetragen: lauda-kgh(at)gmx(dot)de. Bei Eintragung zu Favoriten hat die Seite jetzt auch einen Namen.<\/p>\n<p>13.01.2000<br \/>Grafikfehler beseitigt<\/p>\n<p>09.01.2000<br \/>Link-Banner erstellt. N\u00e4heres auf der Links-Seite.<\/p>\n<p>01.01.2000<br \/>Alle PNG-Grafiken aus Kompatibilit\u00e4tsgr\u00fcnden (MSIE3 und Netscape3 k\u00f6nnen keine PNGs darstellen) in JPGs umgewandelt. Veranstaltungskalender auf aktuellen Stand gebracht.<\/p>\n<p>27.11.1999<br \/>Neue Bilder auf der Lauda-K\u00f6nigshofen-Bilderseite eingef\u00fcgt und Seiten technisch umgebaut.<\/p>\n<p>07.11.1999<br \/>Alle GIF-Grafiken durch PNG-Grafiken ersetzt. Musikfiles aus Homepage entfernt.<\/p>\n<p>30.10.1999<br \/>Auf Lauda-K\u00f6nigshofen &#8211; Stadtrat den neuen Stadtrat eingef\u00fcgt<\/p>\n<p>01.08.1999<br \/>Homepage in Frames gepackt. Erste Geschichtsseite. Veranstaltungskalender, Gastst\u00e4ttenverzeichnis und Link-Seite aktualisiert.<\/p>\n<p>07.02.1999<br \/>Erste grafische Homepage. Private aktuelle Seite upgedatet. Lauda-K\u00f6nigshofen: Veranstaltungskalender, Gastst\u00e4ttenverzeichnis und Link-Seite upgedatet; erste Kartenseite hinzugef\u00fcgt.<\/p>\n<p>19.03.1998<br \/>Private aktuelle Seite upgedatet<\/p>\n<p>15.02.1998<br \/>Links-Seite und Veranstaltungskalender aktualisiert<\/p>\n<p>10.02.1998<br \/>Erste Version meiner Homepage inkl. der Seiten \u00fcber Lauda-K\u00f6nigshofen geht online. Meine Privaten Seiten sind seit dem 23.12.1997 unter home.t-online.de\/home\/hwauzi\/ online, die bereist Infos \u00fcber Lauda-K\u00f6nigshofen enthalten.<\/p>\n\n\n<p><\/p>\n","protected":false},"excerpt":{"rendered":"<p>WannWas ge\u00e4ndert 11.12.2025Weewx von 4.10.2 auf 5.2 upgedatet; Webcam auf raspi-still und convert umgezogen 02.11.2023Wetterstation auf Davis Vantage Vue und Auswertesoftware auf WeeWX umgestellt 14.07.2023Webcam auf Raspberry PI 3 mit 5MP 1080P Video Kamera Modul umgestellt 23.05.2018Impressum \/ Datenschutz an die DSGVO angepasst 07.10.2017Neuen Temperaturf\u00fchler au\u00dfen angeschlossen und Webseite angepasst 28.12.2016Umbau der Webseiten zu WordPress &hellip; <a href=\"https:\/\/www.lauda-koenigshofen.com\/wordpress\/impressum\/history\/\" class=\"more-link\"><span class=\"screen-reader-text\">History<\/span> weiterlesen <span class=\"meta-nav\">&rarr;<\/span><\/a><\/p>\n","protected":false},"author":1,"featured_media":0,"parent":69,"menu_order":10,"comment_status":"closed","ping_status":"closed","template":"","meta":{"footnotes":""},"class_list":["post-110","page","type-page","status-publish","hentry"],"_links":{"self":[{"href":"https:\/\/www.lauda-koenigshofen.com\/wordpress\/wp-json\/wp\/v2\/pages\/110","targetHints":{"allow":["GET"]}}],"collection":[{"href":"https:\/\/www.lauda-koenigshofen.com\/wordpress\/wp-json\/wp\/v2\/pages"}],"about":[{"href":"https:\/\/www.lauda-koenigshofen.com\/wordpress\/wp-json\/wp\/v2\/types\/page"}],"author":[{"embeddable":true,"href":"https:\/\/www.lauda-koenigshofen.com\/wordpress\/wp-json\/wp\/v2\/users\/1"}],"replies":[{"embeddable":true,"href":"https:\/\/www.lauda-koenigshofen.com\/wordpress\/wp-json\/wp\/v2\/comments?post=110"}],"version-history":[{"count":8,"href":"https:\/\/www.lauda-koenigshofen.com\/wordpress\/wp-json\/wp\/v2\/pages\/110\/revisions"}],"predecessor-version":[{"id":445,"href":"https:\/\/www.lauda-koenigshofen.com\/wordpress\/wp-json\/wp\/v2\/pages\/110\/revisions\/445"}],"up":[{"embeddable":true,"href":"https:\/\/www.lauda-koenigshofen.com\/wordpress\/wp-json\/wp\/v2\/pages\/69"}],"wp:attachment":[{"href":"https:\/\/www.lauda-koenigshofen.com\/wordpress\/wp-json\/wp\/v2\/media?parent=110"}],"curies":[{"name":"wp","href":"https:\/\/api.w.org\/{rel}","templated":true}]}}